{"id":7,"date":"2016-11-12T21:15:38","date_gmt":"2016-11-12T20:15:38","guid":{"rendered":"http:\/\/www.vipassana.sk\/?page_id=7"},"modified":"2025-10-05T14:28:04","modified_gmt":"2025-10-05T12:28:04","slug":"main","status":"publish","type":"page","link":"https:\/\/vipassana.sk\/sk\/","title":{"rendered":"V\u00edtajte na vipassana.sk"},"content":{"rendered":"<p>Na na\u0161ich kurzoch s\u00fa v\u00edtan\u00ed v\u0161etci nez\u00e1visle od n\u00e1bo\u017eensk\u00e9ho presved\u010denia, pohlavia alebo veku (16+). Predch\u00e1dzaj\u00faca sk\u00fasenos\u0165 s medit\u00e1ciou nie je nutn\u00e1.<\/p>\n<p>&nbsp;<\/p>\n<div class='dropshadowboxes-container ' style=''>\r\n                            <div class='dropshadowboxes-drop-shadow dropshadowboxes-rounded-corners dropshadowboxes-inside-and-outside-shadow dropshadowboxes-raised-with-inside-shadow-with-outside-shadow dropshadowboxes-effect-default' style=' border: 2px solid #DDD; height:; background-color:#232b3688;    '>\r\n                            <\/p>\n<p>Kurzy na rok 2026 sa pl\u00e1nuj\u00fa. M\u00f4\u017ete sa <a href=\"https:\/\/vipassana.sk\/sk\/newsletter\/\">prihl\u00e1si\u0165 k newsletteru<\/a>, aby ste boli informovan\u00ed hne\u010f ako bud\u00fa vyp\u00edsan\u00e9.<\/p>\n<p>\r\n                            <\/div>\r\n                        <\/div>\n<p><ul class=\"display-posts-listing\"><li class=\"listing-item\"><a class=\"title\" href=\"https:\/\/vipassana.sk\/sk\/202603-javorie\/\">30.3\u201312.4. 2026<\/a><\/li><li class=\"listing-item\"><a class=\"title\" href=\"https:\/\/vipassana.sk\/sk\/202510-luna\/\">27.10.\u20132.11. 2025<\/a><\/li><li class=\"listing-item\"><a class=\"title\" href=\"https:\/\/vipassana.sk\/sk\/202507-osek\/\">12.\u201327. 7. 2025<\/a><\/li><li class=\"listing-item\"><a class=\"title\" href=\"https:\/\/vipassana.sk\/sk\/202411-javorie\/\">4.\u201317. 11. 2024<\/a><\/li><li class=\"listing-item\"><a class=\"title\" href=\"https:\/\/vipassana.sk\/sk\/202311-javorie\/\">13.\u201326. 11. 2023<\/a><\/li><li class=\"listing-item\"><a class=\"title\" href=\"https:\/\/vipassana.sk\/sk\/202307-skala\/\">5.\u201320. 7. 2023<\/a><\/li><li class=\"listing-item\"><a class=\"title\" href=\"https:\/\/vipassana.sk\/sk\/202304-javorie\/\">3.\u201316. 4. 2023<\/a><\/li><li class=\"listing-item\"><a class=\"title\" href=\"https:\/\/vipassana.sk\/sk\/202211-hrb\/\">5.\u201320. 11. 2022<\/a><\/li><li class=\"listing-item\"><a class=\"title\" href=\"https:\/\/vipassana.sk\/sk\/202207-javorie\/\">8.\u201324. 7. 2022<\/a><\/li><li class=\"listing-item\"><a class=\"title\" href=\"https:\/\/vipassana.sk\/sk\/202204-hrb\/\">16. 4.\u20131. 5. 2022<\/a><\/li><li class=\"listing-item\"><a class=\"title\" href=\"https:\/\/vipassana.sk\/sk\/202111-hrb\/\">6.\u201321. 11. 2021<\/a><\/li><li class=\"listing-item\"><a class=\"title\" href=\"https:\/\/vipassana.sk\/sk\/202107-jana\/\">3. \u2013 18. 7. 2021<\/a><\/li><li class=\"listing-item\"><a class=\"title\" href=\"https:\/\/vipassana.sk\/sk\/202104-hrb\/\">2. 4.\u201318. 4. 2021 (zru\u0161en\u00e9)<\/a><\/li><li class=\"listing-item\"><a class=\"title\" href=\"https:\/\/vipassana.sk\/sk\/202011-hrb\/\">7.\u201322. 11. 2020<\/a><\/li><li class=\"listing-item\"><a class=\"title\" href=\"https:\/\/vipassana.sk\/sk\/202007-jana\/\">4. \u2013 19. 7. 2020<\/a><\/li><li class=\"listing-item\"><a class=\"title\" href=\"https:\/\/vipassana.sk\/sk\/202004-hrb\/\">10. 4.\u201326. 4. 2020 (zru\u0161en\u00e9)<\/a><\/li><li class=\"listing-item\"><a class=\"title\" href=\"https:\/\/vipassana.sk\/sk\/201910-hrb\/\">26. 10.\u201310. 11. 2019<\/a><\/li><li class=\"listing-item\"><a class=\"title\" href=\"https:\/\/vipassana.sk\/sk\/201907-jana\/\">29. 6. \u2013 14. 7. 2019<\/a><\/li><li class=\"listing-item\"><a class=\"title\" href=\"https:\/\/vipassana.sk\/sk\/2019-hrb\/\">19. 4.\u20135. 5. 2019<\/a><\/li><li class=\"listing-item\"><a class=\"title\" href=\"https:\/\/vipassana.sk\/sk\/2018-jana-2\/\">1.\u201318. 11. 2018<\/a><\/li><li class=\"listing-item\"><a class=\"title\" href=\"https:\/\/vipassana.sk\/sk\/2018-jana\/\">1.\u201315. 7. 2018<\/a><\/li><li class=\"listing-item\"><a class=\"title\" href=\"https:\/\/vipassana.sk\/sk\/2018-surya\/\">14.\u201329.6. 2018<\/a><\/li><li class=\"listing-item\"><a class=\"title\" href=\"https:\/\/vipassana.sk\/sk\/2017-javorie-2\/\">31.10.\u201315.11.2017<\/a><\/li><li class=\"listing-item\"><a class=\"title\" href=\"https:\/\/vipassana.sk\/sk\/2017-javorie\/\">31.7.\u201313.8. 2017<\/a><\/li><\/ul><\/p>","protected":false},"excerpt":{"rendered":"<p>Na na\u0161ich kurzoch s\u00fa v\u00edtan\u00ed v\u0161etci nez\u00e1visle od n\u00e1bo\u017eensk\u00e9ho presved\u010denia, pohlavia alebo veku (16+). Predch\u00e1dzaj\u00faca sk\u00fasenos\u0165 s medit\u00e1ciou nie je nutn\u00e1. &nbsp;<\/p>\n","protected":false},"author":2,"featured_media":0,"parent":0,"menu_order":0,"comment_status":"closed","ping_status":"closed","template":"","meta":{"footnotes":""},"class_list":["post-7","page","type-page","status-publish","hentry"],"_links":{"self":[{"href":"https:\/\/vipassana.sk\/sk\/wp-json\/wp\/v2\/pages\/7","targetHints":{"allow":["GET"]}}],"collection":[{"href":"https:\/\/vipassana.sk\/sk\/wp-json\/wp\/v2\/pages"}],"about":[{"href":"https:\/\/vipassana.sk\/sk\/wp-json\/wp\/v2\/types\/page"}],"author":[{"embeddable":true,"href":"https:\/\/vipassana.sk\/sk\/wp-json\/wp\/v2\/users\/2"}],"replies":[{"embeddable":true,"href":"https:\/\/vipassana.sk\/sk\/wp-json\/wp\/v2\/comments?post=7"}],"version-history":[{"count":27,"href":"https:\/\/vipassana.sk\/sk\/wp-json\/wp\/v2\/pages\/7\/revisions"}],"predecessor-version":[{"id":1341,"href":"https:\/\/vipassana.sk\/sk\/wp-json\/wp\/v2\/pages\/7\/revisions\/1341"}],"wp:attachment":[{"href":"https:\/\/vipassana.sk\/sk\/wp-json\/wp\/v2\/media?parent=7"}],"curies":[{"name":"wp","href":"https:\/\/api.w.org\/{rel}","templated":true}]}}