{"id":222,"date":"2017-05-03T23:17:33","date_gmt":"2017-05-03T21:17:33","guid":{"rendered":"https:\/\/vipassana.sk\/?page_id=222"},"modified":"2026-03-09T09:44:30","modified_gmt":"2026-03-09T08:44:30","slug":"bank","status":"publish","type":"page","link":"https:\/\/vipassana.sk\/sk\/bank\/","title":{"rendered":"Bankov\u00fd \u00fa\u010det"},"content":{"rendered":"<p>Pri platbe pros\u00edm uve\u010fte svoje meno alebo kontakt, aby sme ju vedeli spr\u00e1vne priradi\u0165.<\/p>\n<ul>\n<li>\u20ac-\u00fa\u010det, veden\u00fd na meno Katar\u00edna B\u00edre\u0161ov\u00e1:<br \/>\n<strong>IBAN: SK50 8360 5207 0042 0667 5677&nbsp;<\/strong><\/li>\n<li>Ak chce plati\u0165 v \u010desk\u00fdch korun\u00e1ch, m\u00f4\u017eete previes\u0165 peniaze na korunov\u00fd \u00fa\u010det (\u20ac preve\u010fte na koruny pod\u013ea stredn\u00e9ho kurzu \u010ceskej n\u00e1rodnej banky, <a href=\"http:\/\/www.cnb.cz\/cs\/index.html\">cnb.cz<\/a>):<br \/>\n<strong>2301757823\/2010<\/strong><\/li>\n<\/ul>\n<p><!--\nPlatby cez PayPal je mo\u017en\u00e9 spravi\u0165 zo str\u00e1nky\n\n\n<p style=\"padding-left: 30px;\"><a href=\"https:\/\/PayPal.Me\/VipassanaSk\">https:\/\/PayPal.Me\/VipassanaSk<\/a>.<\/p>\n\n\n<span id=\"result_box\" class=\"short_text\" lang=\"sk\"><span class=\"\">M\u00f4\u017eeme tie\u017e prij\u00edma\u0165 platbu v bitcoinoch. Pre kurzov\u00fa nestabilitu je nutn\u00e9 n\u00e1s pres uskuto\u010dnen\u00edm platby kontaktova\u0165.\n<\/span><\/span>\n\n\n<p style=\"padding-left: 30px;\"><span id=\"result_box\" class=\"short_text\" lang=\"sk\"><span class=\"\"><strong>BTC: <span class=\"c5\">1EzJzAN8iKUicLRK8TanwW82R9QDnawQg1<\/span><\/strong> <\/span><\/span><\/p>\n\n\n--><\/p>\n<hr>\n<p>Ak n\u00e1s chcete podpori\u0165 finan\u010dne, budeme v\u010fa\u010dn\u00ed za v\u00e1\u0161 pr\u00edspevok. N\u00e1\u0161 projekt nem\u00e1 pr\u00e1vnu subjektivitu ako neziskov\u00e1 organiz\u00e1cia; preto nem\u00f4\u017eeme vystavi\u0165 potvrdenie o dare pre da\u0148ov\u00e9 \u00fa\u010dely.<\/p>","protected":false},"excerpt":{"rendered":"<p>Pri platbe pros\u00edm uve\u010fte svoje meno alebo kontakt, aby sme ju vedeli spr\u00e1vne priradi\u0165. \u20ac-\u00fa\u010det, veden\u00fd na meno Katar\u00edna B\u00edre\u0161ov\u00e1: IBAN: SK50 8360 5207 0042 0667 5677&nbsp; Ak chce plati\u0165 v \u010desk\u00fdch korun\u00e1ch, m\u00f4\u017eete previes\u0165 peniaze na korunov\u00fd \u00fa\u010det (\u20ac preve\u010fte na koruny pod\u013ea stredn\u00e9ho kurzu \u010ceskej n\u00e1rodnej banky, cnb.cz): 2301757823\/2010 Ak n\u00e1s chcete podpori\u0165 finan\u010dne, budeme v\u010fa\u010dn\u00ed za v\u00e1\u0161 pr\u00edspevok. N\u00e1\u0161 projekt nem\u00e1 pr\u00e1vnu subjektivitu ako neziskov\u00e1 organiz\u00e1cia; preto nem\u00f4\u017eeme vystavi\u0165 potvrdenie o dare pre da\u0148ov\u00e9 \u00fa\u010dely.<\/p>\n","protected":false},"author":2,"featured_media":0,"parent":0,"menu_order":0,"comment_status":"closed","ping_status":"closed","template":"","meta":{"footnotes":""},"class_list":["post-222","page","type-page","status-publish","hentry"],"_links":{"self":[{"href":"https:\/\/vipassana.sk\/sk\/wp-json\/wp\/v2\/pages\/222","targetHints":{"allow":["GET"]}}],"collection":[{"href":"https:\/\/vipassana.sk\/sk\/wp-json\/wp\/v2\/pages"}],"about":[{"href":"https:\/\/vipassana.sk\/sk\/wp-json\/wp\/v2\/types\/page"}],"author":[{"embeddable":true,"href":"https:\/\/vipassana.sk\/sk\/wp-json\/wp\/v2\/users\/2"}],"replies":[{"embeddable":true,"href":"https:\/\/vipassana.sk\/sk\/wp-json\/wp\/v2\/comments?post=222"}],"version-history":[{"count":21,"href":"https:\/\/vipassana.sk\/sk\/wp-json\/wp\/v2\/pages\/222\/revisions"}],"predecessor-version":[{"id":1395,"href":"https:\/\/vipassana.sk\/sk\/wp-json\/wp\/v2\/pages\/222\/revisions\/1395"}],"wp:attachment":[{"href":"https:\/\/vipassana.sk\/sk\/wp-json\/wp\/v2\/media?parent=222"}],"curies":[{"name":"wp","href":"https:\/\/api.w.org\/{rel}","templated":true}]}}