{"id":17,"date":"2016-11-14T17:16:58","date_gmt":"2016-11-14T16:16:58","guid":{"rendered":"http:\/\/sk.vipassana.sk\/?page_id=17"},"modified":"2026-01-14T08:01:13","modified_gmt":"2026-01-14T07:01:13","slug":"contact","status":"publish","type":"page","link":"https:\/\/vipassana.sk\/sk\/contact\/","title":{"rendered":"Kontakt"},"content":{"rendered":"<p>M\u00f4\u017eete n\u00e1m posla\u0165 e-mail na <a href=\"mailto:info@vipassana.sk\">info@vipassana.sk<\/a> alebo pou\u017ei\u0165 formul\u00e1r.<\/p>\n<p>Zvy\u010dajne odpovieme do 24 hod\u00edn. Ak nie (m\u00f4\u017ee is\u0165 o technick\u00fa poruchu) je najlep\u0161ie n\u00e1m posla\u0165 SMS. Aj pre in\u00e9 urgentn\u00e9 pr\u00edpady s\u00fa tu na\u0161e telefonick\u00e9 kontakty: +420-777891252 (Katar\u00edna CZ), +421-914633221 (Katar\u00edna SK), +420-777576180 (V\u00e1clav CZ).<\/p>\n<p>&nbsp;<\/p>\n<div style=\"display: table;\">\n<form action=\"https:\/\/formspree.io\/info@vipassana.sk\" method=\"POST\">\n<div class=\"form-group\"><input class=\"form-control\" name=\"name\" size=\"40\" type=\"text\" placeholder=\"Meno\" data-cip-id=\"jQuery342845639\"><\/div>\n<div class=\"form-group\"><input class=\"form-control\" name=\"_replyto\" required=\"1\" size=\"40\" type=\"email\" placeholder=\"E-mail\" data-cip-id=\"jQuery342845640\"><br \/>\n<small id=\"emailHelp\" class=\"form-text text-muted\">Va\u0161u adresu nikomu neprezr\u00e1dzame.<\/small><\/div>\n<div class=\"form-group\"><textarea class=\"form-control\" name=\"message\" required=\"1\" rows=\"10\" placeholder=\"Va\u0161a spr\u00e1va\"><\/textarea><\/div>\n<p><input style=\"display: none;\" name=\"_gotcha\" type=\"text\"><\/p>\n<div class=\"form-group\"><input class=\"btn btn-primary\" style=\"align: right;\" type=\"submit\" value=\"Odosla\u0165\"><\/div>\n<\/form>\n<\/div>\n<p><\/p>","protected":false},"excerpt":{"rendered":"<p>M\u00f4\u017eete n\u00e1m posla\u0165 e-mail na info@vipassana.sk alebo pou\u017ei\u0165 formul\u00e1r. Zvy\u010dajne odpovieme do 24 hod\u00edn. Ak nie (m\u00f4\u017ee is\u0165 o technick\u00fa poruchu) je najlep\u0161ie n\u00e1m posla\u0165 SMS. Aj pre in\u00e9 urgentn\u00e9 pr\u00edpady s\u00fa tu na\u0161e telefonick\u00e9 kontakty: +420-777891252 (Katar\u00edna CZ), +421-914633221 (Katar\u00edna SK), +420-777576180 (V\u00e1clav CZ). &nbsp; Va\u0161u adresu nikomu neprezr\u00e1dzame.<\/p>\n","protected":false},"author":2,"featured_media":0,"parent":0,"menu_order":0,"comment_status":"closed","ping_status":"closed","template":"","meta":{"footnotes":""},"class_list":["post-17","page","type-page","status-publish","hentry"],"_links":{"self":[{"href":"https:\/\/vipassana.sk\/sk\/wp-json\/wp\/v2\/pages\/17","targetHints":{"allow":["GET"]}}],"collection":[{"href":"https:\/\/vipassana.sk\/sk\/wp-json\/wp\/v2\/pages"}],"about":[{"href":"https:\/\/vipassana.sk\/sk\/wp-json\/wp\/v2\/types\/page"}],"author":[{"embeddable":true,"href":"https:\/\/vipassana.sk\/sk\/wp-json\/wp\/v2\/users\/2"}],"replies":[{"embeddable":true,"href":"https:\/\/vipassana.sk\/sk\/wp-json\/wp\/v2\/comments?post=17"}],"version-history":[{"count":30,"href":"https:\/\/vipassana.sk\/sk\/wp-json\/wp\/v2\/pages\/17\/revisions"}],"predecessor-version":[{"id":1381,"href":"https:\/\/vipassana.sk\/sk\/wp-json\/wp\/v2\/pages\/17\/revisions\/1381"}],"wp:attachment":[{"href":"https:\/\/vipassana.sk\/sk\/wp-json\/wp\/v2\/media?parent=17"}],"curies":[{"name":"wp","href":"https:\/\/api.w.org\/{rel}","templated":true}]}}