{"id":163,"date":"2017-02-18T06:01:31","date_gmt":"2017-02-18T05:01:31","guid":{"rendered":"http:\/\/vipassana.sk\/?page_id=163"},"modified":"2017-02-18T11:00:39","modified_gmt":"2017-02-18T10:00:39","slug":"th","status":"publish","type":"page","link":"https:\/\/vipassana.sk\/sk\/th\/","title":{"rendered":"\u0e27\u0e34\u0e1b\u0e31\u0e2a\u0e2a\u0e19\u0e32 \u0e01\u0e23\u0e23\u0e21\u0e10\u0e32\u0e19 \u0e2a\u0e42\u0e25\u0e27\u0e30\u0e40\u0e01\u0e35\u0e22"},"content":{"rendered":"<p class=\"qtranxs-available-languages-message qtranxs-available-languages-message-sk\">\u013dutujeme, t\u00e1to str\u00e1nka je dostupn\u00e1 len v <a href=\"https:\/\/vipassana.sk\/en\/wp-json\/wp\/v2\/pages\/163\" class=\"qtranxs-available-language-link qtranxs-available-language-link-en\" title=\"English\">English<\/a>.<\/p>","protected":false},"excerpt":{"rendered":"<p>\u013dutujeme, t\u00e1to str\u00e1nka je dostupn\u00e1 len v English.<\/p>\n","protected":false},"author":2,"featured_media":0,"parent":0,"menu_order":0,"comment_status":"closed","ping_status":"closed","template":"","meta":{"footnotes":""},"class_list":["post-163","page","type-page","status-publish","hentry"],"_links":{"self":[{"href":"https:\/\/vipassana.sk\/sk\/wp-json\/wp\/v2\/pages\/163","targetHints":{"allow":["GET"]}}],"collection":[{"href":"https:\/\/vipassana.sk\/sk\/wp-json\/wp\/v2\/pages"}],"about":[{"href":"https:\/\/vipassana.sk\/sk\/wp-json\/wp\/v2\/types\/page"}],"author":[{"embeddable":true,"href":"https:\/\/vipassana.sk\/sk\/wp-json\/wp\/v2\/users\/2"}],"replies":[{"embeddable":true,"href":"https:\/\/vipassana.sk\/sk\/wp-json\/wp\/v2\/comments?post=163"}],"version-history":[{"count":9,"href":"https:\/\/vipassana.sk\/sk\/wp-json\/wp\/v2\/pages\/163\/revisions"}],"predecessor-version":[{"id":172,"href":"https:\/\/vipassana.sk\/sk\/wp-json\/wp\/v2\/pages\/163\/revisions\/172"}],"wp:attachment":[{"href":"https:\/\/vipassana.sk\/sk\/wp-json\/wp\/v2\/media?parent=163"}],"curies":[{"name":"wp","href":"https:\/\/api.w.org\/{rel}","templated":true}]}}