{"id":112,"date":"2017-01-28T06:02:21","date_gmt":"2017-01-28T05:02:21","guid":{"rendered":"http:\/\/vipassana.sk\/?page_id=112"},"modified":"2026-01-31T09:03:36","modified_gmt":"2026-01-31T08:03:36","slug":"about","status":"publish","type":"page","link":"https:\/\/vipassana.sk\/sk\/about\/","title":{"rendered":"O n\u00e1s"},"content":{"rendered":"<p>Vipassana.sk je neziskov\u00fd projekt, ktor\u00e9ho z\u00e1ujmom je spr\u00edstupni\u0165 <a href=\"https:\/\/vipassana.sk\/sk\/vipassana\/\">medit\u00e1ciu vipassana<\/a> pre \u013eud\u00ed na Slovensku a v okolit\u00fdch krajin\u00e1ch. Na\u0161\u00edm pl\u00e1nom je poz\u00fdva\u0165 u\u010dite\u013eov, organizova\u0165 \u013eahko dostupn\u00e9 kurzy (vr\u00e1tane tlmo\u010denia), prep\u00e1ja\u0165 medituj\u00facich a priaznivcov.<\/p>\n<p>Sme skupina dobrovo\u013en\u00edkov, ktor\u00ed vidia, ako im medit\u00e1cia skvalitnila \u017eivot. Tento \u0161t\u00fdl vipassany u\u010d\u00ed v Thajsku <a href=\"https:\/\/vipassana.sk\/sk\/vipassana\/#ajahn-tong\">Ajahn Tong<\/a> (kl\u00e1\u0161tor Chom Tong, provincia Chiang Mai). Aj my sme pre\u0161li v\u00fdcvikom v tomto \u0161t\u00fdle medit\u00e1cie a boli sme povzbuden\u00ed thajsk\u00fdmi u\u010dite\u013emi k za\u010datiu tohoto projektu.<\/p>\n<p><a href=\"http:\/\/vipassana.sk\/wp-content\/uploads\/2016\/12\/katarina-34.jpg\"><img loading=\"lazy\" decoding=\"async\" class=\"alignleft wp-image-48 size-medium\" src=\"http:\/\/vipassana.sk\/wp-content\/uploads\/2016\/12\/katarina-34-225x300.jpg\" width=\"225\" height=\"300\" srcset=\"https:\/\/vipassana.sk\/wp-content\/uploads\/2016\/12\/katarina-34-225x300.jpg 225w, https:\/\/vipassana.sk\/wp-content\/uploads\/2016\/12\/katarina-34-768x1024.jpg 768w, https:\/\/vipassana.sk\/wp-content\/uploads\/2016\/12\/katarina-34.jpg 900w\" sizes=\"auto, (max-width: 225px) 100vw, 225px\" \/><\/a><strong>Katar\u00edna B\u00edre\u0161ov\u00e1<\/strong> sa narodila v Banskej Bystrici. \u017dije v Lond\u00fdne, kde pracuje ako sestra na neurochirurgii. S vipassanou za\u010dala v r. 2012 a pre\u0161la pod veden\u00edm Thanata Chindaporna (\u0161\u00e9f medzin\u00e1rodn\u00e9ho medita\u010dn\u00e9ho centra) u\u010dite\u013esk\u00fdm v\u00fdcvikom v kl\u00e1\u0161tore v Chom Tongu. R. 2016 zalo\u017eila web vipassana.sk a pozvala Thanata a Kathryn Chindaporn na Slovensko <a href=\"http:\/\/vipassana.sk\/sk\/2017-javorie\/\">na prv\u00fd kurz<\/a>. Za svoje aktivity v Thajsku a na Slovensku obdr\u017eala ofici\u00e1lne ocenenie od provincie Chiang Mai.<br style=\"clear: both;\"><\/p>\n<p><a href=\"http:\/\/vipassana.sk\/wp-content\/uploads\/2017\/01\/vaclav3.jpg\"><img loading=\"lazy\" decoding=\"async\" class=\"alignright size-medium wp-image-114\" src=\"http:\/\/vipassana.sk\/wp-content\/uploads\/2017\/01\/vaclav3-225x300.jpg\" alt=\"\" width=\"225\" height=\"300\" srcset=\"https:\/\/vipassana.sk\/wp-content\/uploads\/2017\/01\/vaclav3-225x300.jpg 225w, https:\/\/vipassana.sk\/wp-content\/uploads\/2017\/01\/vaclav3-768x1024.jpg 768w, https:\/\/vipassana.sk\/wp-content\/uploads\/2017\/01\/vaclav3.jpg 886w\" sizes=\"auto, (max-width: 225px) 100vw, 225px\" \/><\/a><strong>V\u00e1clav \u0160milauer<\/strong> sa narodil v Prahe a pracuje v oblasti numerickej fyziky. Prv\u00fd kr\u00e1t sa stretol s vipassanou v roku 2011, roku 2017 dokon\u010dil u\u010dite\u013esk\u00fd v\u00fdcvik pod veden\u00edm Thanata.<br \/>\n<br style=\"clear: both;\"><strong><br \/>\n<\/strong><\/p>\n<p><a href=\"http:\/\/vipassana.sk\/wp-content\/uploads\/2017\/03\/peter-34.jpg\"><img loading=\"lazy\" decoding=\"async\" class=\"size-medium wp-image-180 alignleft\" src=\"http:\/\/vipassana.sk\/wp-content\/uploads\/2017\/03\/peter-34-225x300.jpg\" alt=\"\" width=\"225\" height=\"300\" srcset=\"https:\/\/vipassana.sk\/wp-content\/uploads\/2017\/03\/peter-34-225x300.jpg 225w, https:\/\/vipassana.sk\/wp-content\/uploads\/2017\/03\/peter-34-768x1024.jpg 768w, https:\/\/vipassana.sk\/wp-content\/uploads\/2017\/03\/peter-34.jpg 1578w\" sizes=\"auto, (max-width: 225px) 100vw, 225px\" \/><\/a><strong>Peter Szaszak<\/strong><\/p>","protected":false},"excerpt":{"rendered":"<p>Vipassana.sk je neziskov\u00fd projekt, ktor\u00e9ho z\u00e1ujmom je spr\u00edstupni\u0165 medit\u00e1ciu vipassana pre \u013eud\u00ed na Slovensku a v okolit\u00fdch krajin\u00e1ch. Na\u0161\u00edm pl\u00e1nom je poz\u00fdva\u0165 u\u010dite\u013eov, organizova\u0165 \u013eahko dostupn\u00e9 kurzy (vr\u00e1tane tlmo\u010denia), prep\u00e1ja\u0165 medituj\u00facich a priaznivcov. Sme skupina dobrovo\u013en\u00edkov, ktor\u00ed vidia, ako im medit\u00e1cia skvalitnila \u017eivot. Tento \u0161t\u00fdl vipassany u\u010d\u00ed v Thajsku Ajahn Tong (kl\u00e1\u0161tor Chom Tong, provincia Chiang Mai). Aj my sme pre\u0161li v\u00fdcvikom v tomto \u0161t\u00fdle medit\u00e1cie a boli sme povzbuden\u00ed thajsk\u00fdmi u\u010dite\u013emi k za\u010datiu tohoto projektu. Katar\u00edna B\u00edre\u0161ov\u00e1 sa narodila v Banskej Bystrici. \u017dije v Lond\u00fdne, kde pracuje ako sestra na neurochirurgii. S vipassanou za\u010dala v r. 2012 a pre\u0161la pod veden\u00edm Thanata Chindaporna (\u0161\u00e9f medzin\u00e1rodn\u00e9ho medita\u010dn\u00e9ho centra) u\u010dite\u013esk\u00fdm v\u00fdcvikom v kl\u00e1\u0161tore v Chom Tongu. R. 2016 zalo\u017eila web vipassana.sk a pozvala Thanata a Kathryn Chindaporn na Slovensko na prv\u00fd kurz. Za svoje aktivity v Thajsku a na Slovensku obdr\u017eala ofici\u00e1lne ocenenie od provincie Chiang Mai. V\u00e1clav \u0160milauer sa narodil [&hellip;]<\/p>\n","protected":false},"author":2,"featured_media":0,"parent":0,"menu_order":0,"comment_status":"closed","ping_status":"closed","template":"","meta":{"footnotes":""},"class_list":["post-112","page","type-page","status-publish","hentry"],"_links":{"self":[{"href":"https:\/\/vipassana.sk\/sk\/wp-json\/wp\/v2\/pages\/112","targetHints":{"allow":["GET"]}}],"collection":[{"href":"https:\/\/vipassana.sk\/sk\/wp-json\/wp\/v2\/pages"}],"about":[{"href":"https:\/\/vipassana.sk\/sk\/wp-json\/wp\/v2\/types\/page"}],"author":[{"embeddable":true,"href":"https:\/\/vipassana.sk\/sk\/wp-json\/wp\/v2\/users\/2"}],"replies":[{"embeddable":true,"href":"https:\/\/vipassana.sk\/sk\/wp-json\/wp\/v2\/comments?post=112"}],"version-history":[{"count":31,"href":"https:\/\/vipassana.sk\/sk\/wp-json\/wp\/v2\/pages\/112\/revisions"}],"predecessor-version":[{"id":1389,"href":"https:\/\/vipassana.sk\/sk\/wp-json\/wp\/v2\/pages\/112\/revisions\/1389"}],"wp:attachment":[{"href":"https:\/\/vipassana.sk\/sk\/wp-json\/wp\/v2\/media?parent=112"}],"curies":[{"name":"wp","href":"https:\/\/api.w.org\/{rel}","templated":true}]}}