{"id":17,"date":"2016-11-14T17:16:58","date_gmt":"2016-11-14T16:16:58","guid":{"rendered":"http:\/\/sk.vipassana.sk\/?page_id=17"},"modified":"2026-01-14T08:01:13","modified_gmt":"2026-01-14T07:01:13","slug":"contact","status":"publish","type":"page","link":"https:\/\/vipassana.sk\/en\/contact\/","title":{"rendered":"Contact"},"content":{"rendered":"<p>You can send an e-mail to <a href=\"mailto:info@vipassana.sk\">info@vipassana.sk<\/a> or use the form.<\/p>\n<p>We reply usually within 24 hours. If we don&#8217;t, it might be a technical issue a we encourage you to SMS us to confirm. Likewise, for matters of urgency, you can contact one of the following numbers: +420-777891252 (Katar\u00edna CZ), +421-914633221 (Katar\u00edna SK), +420-777576180 (V\u00e1clav CZ).<\/p>\n<p>&nbsp;<\/p>\n<div style=\"display: table;\">\n<form action=\"https:\/\/formspree.io\/info@vipassana.sk\" method=\"POST\">\n<div class=\"form-group\"><input class=\"form-control\" name=\"name\" size=\"40\" type=\"text\" placeholder=\"Name\" data-cip-id=\"jQuery342845639\"><\/div>\n<div class=\"form-group\"><input class=\"form-control\" name=\"_replyto\" required=\"1\" size=\"40\" type=\"email\" placeholder=\"E-mail\" data-cip-id=\"jQuery342845640\"><br \/>\n<small id=\"emailHelp\" class=\"form-text text-muted\">We won&#8217;t disclose your address.<\/small><\/div>\n<div class=\"form-group\"><textarea class=\"form-control\" name=\"message\" required=\"1\" rows=\"10\" placeholder=\"Your message\"><\/textarea><\/div>\n<p><input style=\"display: none;\" name=\"_gotcha\" type=\"text\"><\/p>\n<div class=\"form-group\"><input class=\"btn btn-primary\" style=\"align: right;\" type=\"submit\" value=\"Submit\"><\/div>\n<\/form>\n<\/div>\n<p><\/p>","protected":false},"excerpt":{"rendered":"<p>You can send an e-mail to info@vipassana.sk or use the form. We reply usually within 24 hours. If we don&#8217;t, it might be a technical issue a we encourage you to SMS us to confirm. Likewise, for matters of urgency, you can contact one of the following numbers: +420-777891252 (Katar\u00edna CZ), +421-914633221 (Katar\u00edna SK), +420-777576180 (V\u00e1clav CZ). &nbsp; We won&#8217;t disclose your address.<\/p>\n","protected":false},"author":2,"featured_media":0,"parent":0,"menu_order":0,"comment_status":"closed","ping_status":"closed","template":"","meta":{"footnotes":""},"class_list":["post-17","page","type-page","status-publish","hentry"],"_links":{"self":[{"href":"https:\/\/vipassana.sk\/en\/wp-json\/wp\/v2\/pages\/17","targetHints":{"allow":["GET"]}}],"collection":[{"href":"https:\/\/vipassana.sk\/en\/wp-json\/wp\/v2\/pages"}],"about":[{"href":"https:\/\/vipassana.sk\/en\/wp-json\/wp\/v2\/types\/page"}],"author":[{"embeddable":true,"href":"https:\/\/vipassana.sk\/en\/wp-json\/wp\/v2\/users\/2"}],"replies":[{"embeddable":true,"href":"https:\/\/vipassana.sk\/en\/wp-json\/wp\/v2\/comments?post=17"}],"version-history":[{"count":30,"href":"https:\/\/vipassana.sk\/en\/wp-json\/wp\/v2\/pages\/17\/revisions"}],"predecessor-version":[{"id":1381,"href":"https:\/\/vipassana.sk\/en\/wp-json\/wp\/v2\/pages\/17\/revisions\/1381"}],"wp:attachment":[{"href":"https:\/\/vipassana.sk\/en\/wp-json\/wp\/v2\/media?parent=17"}],"curies":[{"name":"wp","href":"https:\/\/api.w.org\/{rel}","templated":true}]}}